{"id":50,"date":"2013-09-18T20:42:28","date_gmt":"2013-09-18T20:42:28","guid":{"rendered":"http:\/\/www.andreas-kinder.de\/content\/?page_id=50"},"modified":"2015-02-12T16:16:29","modified_gmt":"2015-02-12T16:16:29","slug":"impressum","status":"publish","type":"page","link":"https:\/\/www.andreas-kinder.de\/content\/impressum\/","title":{"rendered":"Impressum"},"content":{"rendered":"<p>Angaben gem\u00e4\u00df \u00a7 5 TMG:<\/p>\n<p>Adresse:<br \/>\nAndreas Kinder<br \/>\nGau\u00dfstra\u00dfe 54<br \/>\nD-41065 M\u00f6nchengladbach<\/p>\n<p>Dies ist eine private Internetpr\u00e4senz.<br \/>\nVerantwortlicher: Andreas Kinder<\/p>\n<p>Kontakt:<br \/>\nEmail: info @ andreas-kinder.de<br \/>\nCopyright: \u00a9\u00a0 Andreas Kinder und www.andreas-kinder.de. Alle Rechte vorbehalten.<br \/>\nDas Urheberrecht an allen auf dieser Homepage gezeigten Fotos liegt bei Andreas Kinder soweit nicht anders angegeben.<br \/>\nNicht autorisierte Verwendung und\/oder Vervielf\u00e4ltigung ohne ausdr\u00fcckliche und schriftliche Genehmigung von diesem Blog Autor und\/oder Inhaber dieses Materials ist strengstens untersagt. Eine kommerzielle Nutzung ist nur mit dem ausdr\u00fccklichen, schriftlichen Einverst\u00e4ndnis des Fotografen m\u00f6glich.<br \/>\nAusz\u00fcge und Links k\u00f6nnen verwendet werden, vorausgesetzt, dass vollst\u00e4ndige und klar Andreas Kinder und www.andreas-kinder.de als Urheberrechte Inhaber genannt wird.<\/p>\n<p>\u00a9 Andreas Kinder and www.andreas-kinder.de<br \/>\nUnauthorized use and\/or duplication of this material without express and written permission from this blog\u2019s author and\/or owner is strictly prohibited. Excerpts and links may be used, provided that full and clear credit is given to\u00a0Andreas Kinder and www.andreas-kinder.de with appropriate and specific direction to the original content.<\/p>\n<p><strong>Haftungsausschluss: Haftung f\u00fcr Inhalte<\/strong><br \/>\nDie Inhalte unserer Seiten wurden mit gr\u00f6\u00dfter Sorgfalt erstellt. F\u00fcr die Richtigkeit, Vollst\u00e4ndigkeit und Aktualit\u00e4t der Inhalte k\u00f6nnen wir jedoch keine Gew\u00e4hr \u00fcbernehmen. Als Diensteanbieter sind wir gem\u00e4\u00df \u00a7 7 Abs.1 TMG f\u00fcr eigene Inhalte auf diesen Seiten nach den allgemeinen Gesetzen verantwortlich. Nach \u00a7\u00a7 8 bis 10 TMG sind wir als Diensteanbieter jedoch nicht verpflichtet, \u00fcbermittelte oder gespeicherte fremde Informationen zu \u00fcberwachen oder nach Umst\u00e4nden zu forschen, die auf eine rechtswidrige T\u00e4tigkeit hinweisen. Verpflichtungen zur Entfernung oder Sperrung der Nutzung von Informationen nach den allgemeinen Gesetzen bleiben hiervon unber\u00fchrt. Eine diesbez\u00fcgliche Haftung ist jedoch erst ab dem Zeitpunkt der Kenntnis einer konkreten Rechtsverletzung m\u00f6glich.<br \/>\nBei Bekanntwerden von entsprechenden Rechtsverletzungen werden wir diese Inhalte umgehend entfernen.<\/p>\n<p><strong>Urheberrecht<\/strong><br \/>\nDie durch die Seitenbetreiber erstellten Inhalte und Werke auf diesen Seiten unterliegen dem deutschen Urheberrecht. Die Vervielf\u00e4ltigung, Bearbeitung, Verbreitung und jede Art der Verwertung au\u00dferhalb der Grenzen des Urheberrechtes bed\u00fcrfen der schriftlichen Zustimmung des jeweiligen Autors bzw. Erstellers. Downloads und Kopien dieser Seite sind nur f\u00fcr den privaten, nicht kommerziellen Gebrauch gestattet. Soweit die Inhalte auf dieser Seite nicht vom Betreiber erstellt wurden, werden die Urheberrechte Dritter beachtet. Insbesondere werden Inhalte Dritter als solche gekennzeichnet. Sollten Sie trotzdem auf eine Urheberrechtsverletzung aufmerksam werden, bitten wir um einen entsprechenden Hinweis. Bei Bekanntwerden von Rechtsverletzungen werden wir derartige Inhalte umgehend entfernen.<\/p>\n<p><strong>Haftung f\u00fcr Links<\/strong><br \/>\nUnser Angebot enth\u00e4lt Links zu externen Webseiten Dritter, auf deren Inhalte wir keinen Einfluss haben. Deshalb k\u00f6nnen wir f\u00fcr diese fremden Inhalte auch keine Gew\u00e4hr \u00fcbernehmen. F\u00fcr die Inhalte der verlinkten Seiten ist stets der jeweilige Anbieter oder Betreiber der Seiten verantwortlich. Die verlinkten Seiten wurden zum Zeitpunkt der Verlinkung auf m\u00f6gliche Rechtsverst\u00f6\u00dfe \u00fcberpr\u00fcft. Rechtswidrige Inhalte waren zum Zeitpunkt der Verlinkung nicht erkennbar. Eine permanente inhaltliche Kontrolle der verlinkten Seiten ist jedoch ohne konkrete Anhaltspunkte einer Rechtsverletzung nicht zumutbar. Bei Bekanntwerden von Rechtsverletzungen werden wir derartige Links umgehend entfernen.<\/p>\n<p><strong>Datenschutz<\/strong><br \/>\nDie Nutzung unserer Webseite ist in der Regel ohne Angabe personenbezogener Daten m\u00f6glich. Soweit auf unseren Seiten personenbezogene Daten (beispielsweise Name, Anschrift oder eMail-Adressen) erhoben werden, erfolgt dies, soweit m\u00f6glich, stets auf freiwilliger Basis. Diese Daten werden ohne Ihre ausdr\u00fcckliche Zustimmung nicht an Dritte weitergegeben.<\/p>\n<p>Wir weisen darauf hin, dass die Daten\u00fcbertragung im Internet (z.B. bei der Kommunikation per E-Mail) Sicherheitsl\u00fccken aufweisen kann. Ein l\u00fcckenloser Schutz der Daten vor dem Zugriff durch Dritte ist nicht m\u00f6glich. Der Nutzung von im Rahmen der Impressumspflicht ver\u00f6ffentlichten Kontaktdaten durch Dritte zur \u00dcbersendung von nicht ausdr\u00fccklich angeforderter Werbung und Informationsmaterialien wird hiermit ausdr\u00fccklich widersprochen. Die Betreiber der Seiten behalten sich ausdr\u00fccklich rechtliche Schritte im Falle der unverlangten Zusendung von Werbeinformationen, etwa durch Spam-Mails, vor.<\/p>\n<p>Quelle: <i><a href=\"http:\/\/www.e-recht24.de\/muster-disclaimer.htm\" target=\"_blank\">Disclaimer<\/a> von eRecht24, dem Portal zum Internetrecht von <a href=\"http:\/\/www.e-recht24.de\/\" target=\"_blank\">Rechtsanwalt<\/a> S\u00f6ren Siebert.<\/i><\/p>\n","protected":false},"excerpt":{"rendered":"<p>Angaben gem\u00e4\u00df \u00a7 5 TMG: Adresse: Andreas Kinder Gau\u00dfstra\u00dfe 54 D-41065 M\u00f6nchengladbach Dies ist eine private Internetpr\u00e4senz. Verantwortlicher: Andreas Kinder Kontakt: Email: info @ andreas-kinder.de Copyright: \u00a9\u00a0 Andreas Kinder und www.andreas-kinder.de. Alle Rechte vorbehalten. Das Urheberrecht an allen auf dieser Homepage gezeigten Fotos liegt bei Andreas Kinder soweit nicht anders angegeben. Nicht autorisierte Verwendung und\/oder [&hellip;]<\/p>\n","protected":false},"author":1,"featured_media":0,"parent":0,"menu_order":92,"comment_status":"closed","ping_status":"closed","template":"","meta":[],"_links":{"self":[{"href":"https:\/\/www.andreas-kinder.de\/content\/wp-json\/wp\/v2\/pages\/50"}],"collection":[{"href":"https:\/\/www.andreas-kinder.de\/content\/wp-json\/wp\/v2\/pages"}],"about":[{"href":"https:\/\/www.andreas-kinder.de\/content\/wp-json\/wp\/v2\/types\/page"}],"author":[{"embeddable":true,"href":"https:\/\/www.andreas-kinder.de\/content\/wp-json\/wp\/v2\/users\/1"}],"replies":[{"embeddable":true,"href":"https:\/\/www.andreas-kinder.de\/content\/wp-json\/wp\/v2\/comments?post=50"}],"version-history":[{"count":6,"href":"https:\/\/www.andreas-kinder.de\/content\/wp-json\/wp\/v2\/pages\/50\/revisions"}],"predecessor-version":[{"id":3360,"href":"https:\/\/www.andreas-kinder.de\/content\/wp-json\/wp\/v2\/pages\/50\/revisions\/3360"}],"wp:attachment":[{"href":"https:\/\/www.andreas-kinder.de\/content\/wp-json\/wp\/v2\/media?parent=50"}],"curies":[{"name":"wp","href":"https:\/\/api.w.org\/{rel}","templated":true}]}}