{"id":369,"date":"2013-09-19T18:29:20","date_gmt":"2013-09-19T18:29:20","guid":{"rendered":"http:\/\/www.andreas-kinder.de\/content\/?page_id=369"},"modified":"2014-09-17T18:21:12","modified_gmt":"2014-09-17T18:21:12","slug":"links","status":"publish","type":"page","link":"https:\/\/www.andreas-kinder.de\/content\/links\/","title":{"rendered":"Links"},"content":{"rendered":"<p><span style=\"color: #888888;\"><strong>Links to other Sides and Blogs<\/strong><\/span><\/p>\n<p><a href=\"http:\/\/www.lat-design.de\" target=\"_blank\"><img alt=\"\" src=\"link-images\/LAT-Design.jpg\" \/><\/a> <a title=\"Leanders feine Linie\" href=\"http:\/\/www.lat-design.de\" target=\"_blank\">LAT-Design, Design mit Pers\u00f6nlichkeit<\/a><\/p>\n<p><a title=\"graph-art-line\" href=\"http:\/\/www.graph-art-line.at\" target=\"_blank\">www.graph-art-line.at<\/a><\/p>\n<p><a title=\"herr-der-ringe-film.de\" href=\"http:\/\/www.herr-der-ringe-film.de\" target=\"_blank\">herr-der-ringe-film.de<\/a><\/p>\n<p><a title=\"Dunedain Germany\" href=\"http:\/\/www.dunedain-germany.de\/\" target=\"_blank\">D\u00fanedain Germany<\/a><\/p>\n<p><a title=\"Alienmarine 2000\" href=\"http:\/\/alienmarine2000.com\/\" target=\"_blank\">Alienmarine2000 Original Props &amp; More<\/a><\/p>\n<p><a title=\"FedCon\" href=\"http:\/\/www.fedcon.de\/\" target=\"_blank\">FedCon Europas gr\u00f6\u00dfte SciFi Convention<\/a><\/p>\n<p><a title=\"RingCon\" href=\"http:\/\/www.ringcon.de\" target=\"_blank\">RingCon The Fantasy Convention<\/a><\/p>\n<p><a title=\"MonSoonCosplay\" href=\"https:\/\/www.facebook.com\/MonSoonCosplay\" target=\"_blank\">MonSoonCosplay<\/a><\/p>\n","protected":false},"excerpt":{"rendered":"<p>Links to other Sides and Blogs LAT-Design, Design mit Pers\u00f6nlichkeit www.graph-art-line.at herr-der-ringe-film.de D\u00fanedain Germany Alienmarine2000 Original Props &amp; More FedCon Europas gr\u00f6\u00dfte SciFi Convention RingCon The Fantasy Convention MonSoonCosplay<\/p>\n","protected":false},"author":1,"featured_media":0,"parent":0,"menu_order":4,"comment_status":"closed","ping_status":"open","template":"","meta":[],"_links":{"self":[{"href":"https:\/\/www.andreas-kinder.de\/content\/wp-json\/wp\/v2\/pages\/369"}],"collection":[{"href":"https:\/\/www.andreas-kinder.de\/content\/wp-json\/wp\/v2\/pages"}],"about":[{"href":"https:\/\/www.andreas-kinder.de\/content\/wp-json\/wp\/v2\/types\/page"}],"author":[{"embeddable":true,"href":"https:\/\/www.andreas-kinder.de\/content\/wp-json\/wp\/v2\/users\/1"}],"replies":[{"embeddable":true,"href":"https:\/\/www.andreas-kinder.de\/content\/wp-json\/wp\/v2\/comments?post=369"}],"version-history":[{"count":12,"href":"https:\/\/www.andreas-kinder.de\/content\/wp-json\/wp\/v2\/pages\/369\/revisions"}],"predecessor-version":[{"id":2897,"href":"https:\/\/www.andreas-kinder.de\/content\/wp-json\/wp\/v2\/pages\/369\/revisions\/2897"}],"wp:attachment":[{"href":"https:\/\/www.andreas-kinder.de\/content\/wp-json\/wp\/v2\/media?parent=369"}],"curies":[{"name":"wp","href":"https:\/\/api.w.org\/{rel}","templated":true}]}}