{"id":2671,"date":"2014-07-22T12:14:11","date_gmt":"2014-07-22T12:14:11","guid":{"rendered":"http:\/\/www.andreas-kinder.de\/content\/?page_id=2671"},"modified":"2014-07-22T12:53:25","modified_gmt":"2014-07-22T12:53:25","slug":"copyright-notice","status":"publish","type":"page","link":"https:\/\/www.andreas-kinder.de\/content\/copyright-notice\/","title":{"rendered":"Copyright notice"},"content":{"rendered":"<p>\u00a9 Andreas Kinder and www.andreas-kinder.de<br \/>\nUnauthorized use and\/or duplication of this material without express and written permission from this blog\u2019s author and\/or owner is strictly prohibited. Excerpts and links may be used, provided that full and clear credit is given to\u00a0Andreas Kinder and www.andreas-kinder.de with appropriate and specific direction to the original content.<\/p>\n<p>\u00a9Andreas Kinder und www.andreas-kinder.de<br \/>\nAlle Rechte vorbehalten.<br \/>\nDas Urheberrecht an allen auf dieser Homepage gezeigten Fotos liegt bei Andreas Kinder soweit nicht anders angegeben.<br \/>\nNicht autorisierte Verwendung und\/oder Vervielf\u00e4ltigung ohne ausdr\u00fcckliche und schriftliche Genehmigung von diesem Blog Autor und\/oder Inhaber dieses Materials ist strengstens untersagt. Eine kommerzielle Nutzung ist nur mit dem ausdr\u00fccklichen, schriftlichen Einverst\u00e4ndnis des Fotografen m\u00f6glich.<br \/>\nAusz\u00fcge und Links k\u00f6nnen verwendet werden, vorausgesetzt, dass vollst\u00e4ndige und klar Andreas Kinder und www.andreas-kinder.de als Urheberrechte Inhaber genannt wird.<\/p>\n","protected":false},"excerpt":{"rendered":"<p>\u00a9 Andreas Kinder and www.andreas-kinder.de Unauthorized use and\/or duplication of this material without express and written permission from this blog\u2019s author and\/or owner is strictly prohibited. Excerpts and links may be used, provided that full and clear credit is given to\u00a0Andreas Kinder and www.andreas-kinder.de with appropriate and specific direction to the original content. \u00a9Andreas Kinder [&hellip;]<\/p>\n","protected":false},"author":1,"featured_media":0,"parent":0,"menu_order":0,"comment_status":"closed","ping_status":"open","template":"","meta":[],"_links":{"self":[{"href":"https:\/\/www.andreas-kinder.de\/content\/wp-json\/wp\/v2\/pages\/2671"}],"collection":[{"href":"https:\/\/www.andreas-kinder.de\/content\/wp-json\/wp\/v2\/pages"}],"about":[{"href":"https:\/\/www.andreas-kinder.de\/content\/wp-json\/wp\/v2\/types\/page"}],"author":[{"embeddable":true,"href":"https:\/\/www.andreas-kinder.de\/content\/wp-json\/wp\/v2\/users\/1"}],"replies":[{"embeddable":true,"href":"https:\/\/www.andreas-kinder.de\/content\/wp-json\/wp\/v2\/comments?post=2671"}],"version-history":[{"count":5,"href":"https:\/\/www.andreas-kinder.de\/content\/wp-json\/wp\/v2\/pages\/2671\/revisions"}],"predecessor-version":[{"id":2678,"href":"https:\/\/www.andreas-kinder.de\/content\/wp-json\/wp\/v2\/pages\/2671\/revisions\/2678"}],"wp:attachment":[{"href":"https:\/\/www.andreas-kinder.de\/content\/wp-json\/wp\/v2\/media?parent=2671"}],"curies":[{"name":"wp","href":"https:\/\/api.w.org\/{rel}","templated":true}]}}